{"id":14309,"date":"2025-10-09T09:49:27","date_gmt":"2025-10-09T09:49:27","guid":{"rendered":"https:\/\/hexhorizon.com\/product\/popup-maker-ultimate-wp-popups-builder-ile-satislari-donusumleri-optinleri-aboneleri-artirin\/"},"modified":"2025-10-09T09:49:27","modified_gmt":"2025-10-09T09:49:27","slug":"popup-maker-ultimate-wp-popups-builder-ile-satislari-donusumleri-optinleri-aboneleri-artirin","status":"publish","type":"product","link":"https:\/\/hexhorizon.com\/tr\/urun\/popup-maker-ultimate-wp-popups-builder-ile-satislari-donusumleri-optinleri-aboneleri-artirin\/","title":{"rendered":"Popup Maker Ultimate WP Popups Builder ile Sat\u0131\u015flar\u0131, D\u00f6n\u00fc\u015f\u00fcmleri, Optinleri, Aboneleri Art\u0131r\u0131n"},"content":{"rendered":"<p>Popup Maker\u2122 , 780.000&#8217;den fazla kullan\u0131c\u0131dan olu\u015fan toplulu\u011fumuz taraf\u0131ndan en iyi WordPress a\u00e7\u0131l\u0131r pencere eklentisi olarak de\u011ferlendirildi ve dakikalar i\u00e7inde \u00e7arp\u0131c\u0131 a\u00e7\u0131l\u0131r pencereler, modaller ve kaplamalar olu\u015fturman\u0131z\u0131 sa\u011flar. \u0130ster acemi ister profesyonel olun, \u00e7ok y\u00f6nl\u00fc ara\u00e7 setimiz WordPress sitenizin etkile\u015fimini art\u0131rman\u0131z\u0131 kolayla\u015ft\u0131r\u0131r. <\/p>\n","protected":false},"excerpt":{"rendered":"<p>Popup Maker\u2122 , 780.000&#8217;den fazla kullan\u0131c\u0131dan olu\u015fan toplulu\u011fumuz taraf\u0131ndan en iyi WordPress a\u00e7\u0131l\u0131r pencere eklentisi olarak de\u011ferlendirildi ve dakikalar i\u00e7inde \u00e7arp\u0131c\u0131 a\u00e7\u0131l\u0131r pencereler, modaller ve kaplamalar olu\u015fturman\u0131z\u0131 sa\u011flar. \u0130ster acemi ister profesyonel olun, \u00e7ok y\u00f6nl\u00fc ara\u00e7 setimiz WordPress sitenizin etkile\u015fimini art\u0131rman\u0131z\u0131 kolayla\u015ft\u0131r\u0131r.<\/p>\n","protected":false},"featured_media":12914,"comment_status":"open","ping_status":"closed","template":"","meta":[],"product_brand":[],"product_cat":[1413],"product_tag":[1872,1952,1646,1951,1645],"class_list":{"0":"post-14309","1":"product","2":"type-product","3":"status-publish","4":"has-post-thumbnail","6":"product_cat-eklentiler","7":"product_tag-acilir-pencere","8":"product_tag-acilir-pencereler","9":"product_tag-donusum","10":"product_tag-optin-tr","11":"product_tag-pazarlama","13":"first","14":"instock","15":"downloadable","16":"virtual","17":"product-type-simple"},"_links":{"self":[{"href":"https:\/\/hexhorizon.com\/tr\/wp-json\/wp\/v2\/product\/14309","targetHints":{"allow":["GET"]}}],"collection":[{"href":"https:\/\/hexhorizon.com\/tr\/wp-json\/wp\/v2\/product"}],"about":[{"href":"https:\/\/hexhorizon.com\/tr\/wp-json\/wp\/v2\/types\/product"}],"replies":[{"embeddable":true,"href":"https:\/\/hexhorizon.com\/tr\/wp-json\/wp\/v2\/comments?post=14309"}],"wp:featuredmedia":[{"embeddable":true,"href":"https:\/\/hexhorizon.com\/tr\/wp-json\/wp\/v2\/media\/12914"}],"wp:attachment":[{"href":"https:\/\/hexhorizon.com\/tr\/wp-json\/wp\/v2\/media?parent=14309"}],"wp:term":[{"taxonomy":"product_brand","embeddable":true,"href":"https:\/\/hexhorizon.com\/tr\/wp-json\/wp\/v2\/product_brand?post=14309"},{"taxonomy":"product_cat","embeddable":true,"href":"https:\/\/hexhorizon.com\/tr\/wp-json\/wp\/v2\/product_cat?post=14309"},{"taxonomy":"product_tag","embeddable":true,"href":"https:\/\/hexhorizon.com\/tr\/wp-json\/wp\/v2\/product_tag?post=14309"}],"curies":[{"name":"wp","href":"https:\/\/api.w.org\/{rel}","templated":true}]}}