{"id":14307,"date":"2025-10-09T09:49:27","date_gmt":"2025-10-09T09:49:27","guid":{"rendered":"https:\/\/hexhorizon.com\/product\/gonderi-turleri-sirasi\/"},"modified":"2025-10-09T09:49:27","modified_gmt":"2025-10-09T09:49:27","slug":"gonderi-turleri-sirasi","status":"publish","type":"product","link":"https:\/\/hexhorizon.com\/tr\/urun\/gonderi-turleri-sirasi\/","title":{"rendered":"G\u00f6nderi T\u00fcrleri S\u0131ras\u0131"},"content":{"rendered":"<p>12 M\u0130LYONUN \u00dcZER\u0130NDE \u0130ND\u0130RME ve 200 \u0130NCELEMEDEN neredeyse M\u00dcKEMMEL derecelendirme. S\u00fcr\u00fckle ve B\u0131rak ile Yaz\u0131lar\u0131 ve \u00d6zel Yaz\u0131 T\u00fcrlerini Kolayca S\u0131ralay\u0131n <\/p>\n","protected":false},"excerpt":{"rendered":"<p>12 M\u0130LYONUN \u00dcZER\u0130NDE \u0130ND\u0130RME ve 200 \u0130NCELEMEDEN neredeyse M\u00dcKEMMEL derecelendirme. S\u00fcr\u00fckle ve B\u0131rak ile Yaz\u0131lar\u0131 ve \u00d6zel Yaz\u0131 T\u00fcrlerini Kolayca S\u0131ralay\u0131n<\/p>\n","protected":false},"featured_media":12915,"comment_status":"open","ping_status":"closed","template":"","meta":[],"product_brand":[],"product_cat":[1413],"product_tag":[2561,2729,2730,2560,2728],"class_list":{"0":"post-14307","1":"product","2":"type-product","3":"status-publish","4":"has-post-thumbnail","6":"product_cat-eklentiler","7":"product_tag-gonderi-sirasi","8":"product_tag-gonderi-turleri-sirasi","9":"product_tag-gonderiler-siralama","10":"product_tag-siparis-sonrasi","11":"product_tag-siralama-sonrasi","13":"first","14":"instock","15":"downloadable","16":"virtual","17":"product-type-simple"},"_links":{"self":[{"href":"https:\/\/hexhorizon.com\/tr\/wp-json\/wp\/v2\/product\/14307","targetHints":{"allow":["GET"]}}],"collection":[{"href":"https:\/\/hexhorizon.com\/tr\/wp-json\/wp\/v2\/product"}],"about":[{"href":"https:\/\/hexhorizon.com\/tr\/wp-json\/wp\/v2\/types\/product"}],"replies":[{"embeddable":true,"href":"https:\/\/hexhorizon.com\/tr\/wp-json\/wp\/v2\/comments?post=14307"}],"wp:featuredmedia":[{"embeddable":true,"href":"https:\/\/hexhorizon.com\/tr\/wp-json\/wp\/v2\/media\/12915"}],"wp:attachment":[{"href":"https:\/\/hexhorizon.com\/tr\/wp-json\/wp\/v2\/media?parent=14307"}],"wp:term":[{"taxonomy":"product_brand","embeddable":true,"href":"https:\/\/hexhorizon.com\/tr\/wp-json\/wp\/v2\/product_brand?post=14307"},{"taxonomy":"product_cat","embeddable":true,"href":"https:\/\/hexhorizon.com\/tr\/wp-json\/wp\/v2\/product_cat?post=14307"},{"taxonomy":"product_tag","embeddable":true,"href":"https:\/\/hexhorizon.com\/tr\/wp-json\/wp\/v2\/product_tag?post=14307"}],"curies":[{"name":"wp","href":"https:\/\/api.w.org\/{rel}","templated":true}]}}