{"id":14299,"date":"2025-10-09T09:49:25","date_gmt":"2025-10-09T09:49:25","guid":{"rendered":"https:\/\/hexhorizon.com\/product\/redux-cercevesi\/"},"modified":"2025-10-09T09:49:25","modified_gmt":"2025-10-09T09:49:25","slug":"redux-cercevesi","status":"publish","type":"product","link":"https:\/\/hexhorizon.com\/tr\/urun\/redux-cercevesi\/","title":{"rendered":"Redux \u00c7er\u00e7evesi"},"content":{"rendered":"<p>Redux, geli\u015ftiriciler taraf\u0131ndan geli\u015ftiriciler i\u00e7in in\u015fa edildi. Geli\u015ftirme s\u00fcrenizde y\u0131llar olmasa da aylar kazand\u0131r\u0131yoruz. Yapt\u0131\u011f\u0131m\u0131z her \u015fey sekt\u00f6rdeki yeniliklere yard\u0131mc\u0131 olmak i\u00e7indir.  <\/p>\n","protected":false},"excerpt":{"rendered":"<p>Redux, geli\u015ftiriciler taraf\u0131ndan geli\u015ftiriciler i\u00e7in in\u015fa edildi. Geli\u015ftirme s\u00fcrenizde y\u0131llar olmasa da aylar kazand\u0131r\u0131yoruz. Yapt\u0131\u011f\u0131m\u0131z her \u015fey sekt\u00f6rdeki yeniliklere yard\u0131mc\u0131 olmak i\u00e7indir.<\/p>\n","protected":false},"featured_media":10483,"comment_status":"open","ping_status":"closed","template":"","meta":[],"product_brand":[],"product_cat":[1413],"product_tag":[2720,2579,2498,2709,1444],"class_list":{"0":"post-14299","1":"product","2":"type-product","3":"status-publish","4":"has-post-thumbnail","6":"product_cat-eklentiler","7":"product_tag-eklenti-secenekleri","8":"product_tag-secenekler","9":"product_tag-secenekler-cercevesi","10":"product_tag-tema-secenekleri","11":"product_tag-yonetici","13":"first","14":"instock","15":"downloadable","16":"virtual","17":"product-type-simple"},"_links":{"self":[{"href":"https:\/\/hexhorizon.com\/tr\/wp-json\/wp\/v2\/product\/14299","targetHints":{"allow":["GET"]}}],"collection":[{"href":"https:\/\/hexhorizon.com\/tr\/wp-json\/wp\/v2\/product"}],"about":[{"href":"https:\/\/hexhorizon.com\/tr\/wp-json\/wp\/v2\/types\/product"}],"replies":[{"embeddable":true,"href":"https:\/\/hexhorizon.com\/tr\/wp-json\/wp\/v2\/comments?post=14299"}],"wp:featuredmedia":[{"embeddable":true,"href":"https:\/\/hexhorizon.com\/tr\/wp-json\/wp\/v2\/media\/10483"}],"wp:attachment":[{"href":"https:\/\/hexhorizon.com\/tr\/wp-json\/wp\/v2\/media?parent=14299"}],"wp:term":[{"taxonomy":"product_brand","embeddable":true,"href":"https:\/\/hexhorizon.com\/tr\/wp-json\/wp\/v2\/product_brand?post=14299"},{"taxonomy":"product_cat","embeddable":true,"href":"https:\/\/hexhorizon.com\/tr\/wp-json\/wp\/v2\/product_cat?post=14299"},{"taxonomy":"product_tag","embeddable":true,"href":"https:\/\/hexhorizon.com\/tr\/wp-json\/wp\/v2\/product_tag?post=14299"}],"curies":[{"name":"wp","href":"https:\/\/api.w.org\/{rel}","templated":true}]}}