{"id":14292,"date":"2025-10-09T09:49:24","date_gmt":"2025-10-09T09:49:24","guid":{"rendered":"https:\/\/hexhorizon.com\/product\/flamingo\/"},"modified":"2025-10-09T09:49:24","modified_gmt":"2025-10-09T09:49:24","slug":"flamingo","status":"publish","type":"product","link":"https:\/\/hexhorizon.com\/tr\/urun\/flamingo\/","title":{"rendered":"Flamingo"},"content":{"rendered":"<p>Flamingo, orijinal olarak g\u00f6nderilen mesajlar\u0131 saklamayan Contact Form 7 i\u00e7in olu\u015fturulmu\u015f bir mesaj saklama eklentisidir.<\/p>\n","protected":false},"excerpt":{"rendered":"<p>Flamingo, orijinal olarak g\u00f6nderilen mesajlar\u0131 saklamayan Contact Form 7 i\u00e7in olu\u015fturulmu\u015f bir mesaj saklama eklentisidir.<\/p>\n","protected":false},"featured_media":12893,"comment_status":"open","ping_status":"closed","template":"","meta":[],"product_brand":[],"product_cat":[1413],"product_tag":[2322,2718,2717,1663],"class_list":{"0":"post-14292","1":"product","2":"type-product","3":"status-publish","4":"has-post-thumbnail","6":"product_cat-eklentiler","7":"product_tag-crm-tr","8":"product_tag-iletisim","9":"product_tag-kus","10":"product_tag-posta","12":"first","13":"instock","14":"downloadable","15":"virtual","16":"product-type-simple"},"_links":{"self":[{"href":"https:\/\/hexhorizon.com\/tr\/wp-json\/wp\/v2\/product\/14292","targetHints":{"allow":["GET"]}}],"collection":[{"href":"https:\/\/hexhorizon.com\/tr\/wp-json\/wp\/v2\/product"}],"about":[{"href":"https:\/\/hexhorizon.com\/tr\/wp-json\/wp\/v2\/types\/product"}],"replies":[{"embeddable":true,"href":"https:\/\/hexhorizon.com\/tr\/wp-json\/wp\/v2\/comments?post=14292"}],"wp:featuredmedia":[{"embeddable":true,"href":"https:\/\/hexhorizon.com\/tr\/wp-json\/wp\/v2\/media\/12893"}],"wp:attachment":[{"href":"https:\/\/hexhorizon.com\/tr\/wp-json\/wp\/v2\/media?parent=14292"}],"wp:term":[{"taxonomy":"product_brand","embeddable":true,"href":"https:\/\/hexhorizon.com\/tr\/wp-json\/wp\/v2\/product_brand?post=14292"},{"taxonomy":"product_cat","embeddable":true,"href":"https:\/\/hexhorizon.com\/tr\/wp-json\/wp\/v2\/product_cat?post=14292"},{"taxonomy":"product_tag","embeddable":true,"href":"https:\/\/hexhorizon.com\/tr\/wp-json\/wp\/v2\/product_tag?post=14292"}],"curies":[{"name":"wp","href":"https:\/\/api.w.org\/{rel}","templated":true}]}}