{"id":14221,"date":"2025-10-09T09:49:30","date_gmt":"2025-10-09T09:49:30","guid":{"rendered":"https:\/\/hexhorizon.com\/product\/backuply-yedekleme-geri-yukleme-tasima-ve-klonlama\/"},"modified":"2025-10-09T09:49:30","modified_gmt":"2025-10-09T09:49:30","slug":"backuply-yedekleme-geri-yukleme-tasima-ve-klonlama","status":"publish","type":"product","link":"https:\/\/hexhorizon.com\/tr\/urun\/backuply-yedekleme-geri-yukleme-tasima-ve-klonlama\/","title":{"rendered":"Backuply Yedekleme, Geri Y\u00fckleme, Ta\u015f\u0131ma ve Klonlama"},"content":{"rendered":"<p>Backuply, WordPress web sitenizi yedeklemenize yard\u0131mc\u0131 olan ve sizi sunucu \u00e7\u00f6kmeleri, hack&#8217;ler, tehlikeli g\u00fcncellemeler veya k\u00f6t\u00fc eklentiler nedeniyle veri kayb\u0131ndan kurtaran bir WordPress yedekleme eklentisidir.<\/p>\n","protected":false},"excerpt":{"rendered":"<p>Backuply, WordPress web sitenizi yedeklemenize yard\u0131mc\u0131 olan ve sizi sunucu \u00e7\u00f6kmeleri, hack&#8217;ler, tehlikeli g\u00fcncellemeler veya k\u00f6t\u00fc eklentiler nedeniyle veri kayb\u0131ndan kurtaran bir WordPress yedekleme eklentisidir.<\/p>\n","protected":false},"featured_media":12926,"comment_status":"open","ping_status":"closed","template":"","meta":[],"product_brand":[],"product_cat":[1413],"product_tag":[1763,2520,1651,2260,1650],"class_list":{"0":"post-14221","1":"product","2":"type-product","3":"status-publish","4":"has-post-thumbnail","6":"product_cat-eklentiler","7":"product_tag-bulut-yedekleme","8":"product_tag-geri-yukleme","9":"product_tag-veritabani-yedekleme","10":"product_tag-wordpress-yedekleme","11":"product_tag-yedekleme","13":"first","14":"instock","15":"downloadable","16":"virtual","17":"product-type-simple"},"_links":{"self":[{"href":"https:\/\/hexhorizon.com\/tr\/wp-json\/wp\/v2\/product\/14221","targetHints":{"allow":["GET"]}}],"collection":[{"href":"https:\/\/hexhorizon.com\/tr\/wp-json\/wp\/v2\/product"}],"about":[{"href":"https:\/\/hexhorizon.com\/tr\/wp-json\/wp\/v2\/types\/product"}],"replies":[{"embeddable":true,"href":"https:\/\/hexhorizon.com\/tr\/wp-json\/wp\/v2\/comments?post=14221"}],"wp:featuredmedia":[{"embeddable":true,"href":"https:\/\/hexhorizon.com\/tr\/wp-json\/wp\/v2\/media\/12926"}],"wp:attachment":[{"href":"https:\/\/hexhorizon.com\/tr\/wp-json\/wp\/v2\/media?parent=14221"}],"wp:term":[{"taxonomy":"product_brand","embeddable":true,"href":"https:\/\/hexhorizon.com\/tr\/wp-json\/wp\/v2\/product_brand?post=14221"},{"taxonomy":"product_cat","embeddable":true,"href":"https:\/\/hexhorizon.com\/tr\/wp-json\/wp\/v2\/product_cat?post=14221"},{"taxonomy":"product_tag","embeddable":true,"href":"https:\/\/hexhorizon.com\/tr\/wp-json\/wp\/v2\/product_tag?post=14221"}],"curies":[{"name":"wp","href":"https:\/\/api.w.org\/{rel}","templated":true}]}}