{"id":14163,"date":"2025-10-09T09:49:37","date_gmt":"2025-10-09T09:49:37","guid":{"rendered":"https:\/\/hexhorizon.com\/product\/kategori-sirasi-ve-taksonomi-terimleri-sirasi\/"},"modified":"2025-10-09T09:49:37","modified_gmt":"2025-10-09T09:49:37","slug":"kategori-sirasi-ve-taksonomi-terimleri-sirasi","status":"publish","type":"product","link":"https:\/\/hexhorizon.com\/tr\/urun\/kategori-sirasi-ve-taksonomi-terimleri-sirasi\/","title":{"rendered":"Kategori S\u0131ras\u0131 ve Taksonomi Terimleri S\u0131ras\u0131"},"content":{"rendered":"<p>S\u00fcr\u00fckle ve B\u0131rak S\u0131ralanabilir javascript \u00f6zelli\u011fini kullanarak Kategorileri ve t\u00fcm \u00f6zel taksonomi terimlerini (hiyerar\u015fik olarak) s\u0131ralay\u0131n. Tema\/eklenti g\u00fcncellemesi gerekmez, kod \u00f6zelle\u015ftirilmi\u015f s\u0131ralamay\u0131 an\u0131nda \u00f6n sorgulara uygular. \u00d6zel bir g\u00f6nderi t\u00fcr\u00fc i\u00e7in birden fazla taksonomi olu\u015fturulmu\u015fsa, bir men\u00fc s\u0131ralanmas\u0131 gerekeni se\u00e7meye izin verecektir. Alt kategoriler (terimler) tan\u0131mlanm\u0131\u015fsa, bunlar da ayn\u0131 aray\u00fcz kullan\u0131larak s\u0131ralanabilir. Ayr\u0131ca y\u00f6netici terimleri aray\u00fcz\u00fcn\u00fcn yeni s\u0131ralaman\u0131za g\u00f6re s\u0131ralanmas\u0131n\u0131 sa\u011flayabilirsiniz. Bu eklenti Nsp-Code taraf\u0131ndan geli\u015ftirilmi\u015ftir     <\/p>\n","protected":false},"excerpt":{"rendered":"<p>S\u00fcr\u00fckle ve B\u0131rak S\u0131ralanabilir javascript \u00f6zelli\u011fini kullanarak Kategorileri ve t\u00fcm \u00f6zel taksonomi terimlerini (hiyerar\u015fik olarak) s\u0131ralay\u0131n. Tema\/eklenti g\u00fcncellemesi gerekmez, kod \u00f6zelle\u015ftirilmi\u015f s\u0131ralamay\u0131 an\u0131nda \u00f6n sorgulara uygular. \u00d6zel bir g\u00f6nderi t\u00fcr\u00fc i\u00e7in birden fazla taksonomi olu\u015fturulmu\u015fsa, bir men\u00fc s\u0131ralanmas\u0131 gerekeni se\u00e7meye izin verecektir. Alt kategoriler (terimler) tan\u0131mlanm\u0131\u015fsa, bunlar da ayn\u0131 aray\u00fcz kullan\u0131larak s\u0131ralanabilir. Ayr\u0131ca y\u00f6netici terimleri [&hellip;]<\/p>\n","protected":false},"featured_media":12960,"comment_status":"open","ping_status":"closed","template":"","meta":[],"product_brand":[],"product_cat":[1413],"product_tag":[2556,2555,2558,2557],"class_list":{"0":"post-14163","1":"product","2":"type-product","3":"status-publish","4":"has-post-thumbnail","6":"product_cat-eklentiler","7":"product_tag-kategori-sirasi","8":"product_tag-kategoriler-siralama","9":"product_tag-sartlar-duzeni","10":"product_tag-taksonomi-duzeni","12":"first","13":"instock","14":"downloadable","15":"virtual","16":"product-type-simple"},"_links":{"self":[{"href":"https:\/\/hexhorizon.com\/tr\/wp-json\/wp\/v2\/product\/14163","targetHints":{"allow":["GET"]}}],"collection":[{"href":"https:\/\/hexhorizon.com\/tr\/wp-json\/wp\/v2\/product"}],"about":[{"href":"https:\/\/hexhorizon.com\/tr\/wp-json\/wp\/v2\/types\/product"}],"replies":[{"embeddable":true,"href":"https:\/\/hexhorizon.com\/tr\/wp-json\/wp\/v2\/comments?post=14163"}],"wp:featuredmedia":[{"embeddable":true,"href":"https:\/\/hexhorizon.com\/tr\/wp-json\/wp\/v2\/media\/12960"}],"wp:attachment":[{"href":"https:\/\/hexhorizon.com\/tr\/wp-json\/wp\/v2\/media?parent=14163"}],"wp:term":[{"taxonomy":"product_brand","embeddable":true,"href":"https:\/\/hexhorizon.com\/tr\/wp-json\/wp\/v2\/product_brand?post=14163"},{"taxonomy":"product_cat","embeddable":true,"href":"https:\/\/hexhorizon.com\/tr\/wp-json\/wp\/v2\/product_cat?post=14163"},{"taxonomy":"product_tag","embeddable":true,"href":"https:\/\/hexhorizon.com\/tr\/wp-json\/wp\/v2\/product_tag?post=14163"}],"curies":[{"name":"wp","href":"https:\/\/api.w.org\/{rel}","templated":true}]}}