{"id":14139,"date":"2025-10-09T09:49:35","date_gmt":"2025-10-09T09:49:35","guid":{"rendered":"https:\/\/hexhorizon.com\/product\/font-awesome\/"},"modified":"2025-10-09T09:49:35","modified_gmt":"2025-10-09T09:49:35","slug":"font-awesome","status":"publish","type":"product","link":"https:\/\/hexhorizon.com\/tr\/urun\/font-awesome\/","title":{"rendered":"Font Awesome"},"content":{"rendered":"<p>WordPress sitenizde Font Awesome \u00dccretsiz veya Pro simgelerini kullanman\u0131n resmi yolu, Font Awesome ekibi taraf\u0131ndan size sunulmu\u015ftur.<\/p>\n","protected":false},"excerpt":{"rendered":"<p>WordPress sitenizde Font Awesome \u00dccretsiz veya Pro simgelerini kullanman\u0131n resmi yolu, Font Awesome ekibi taraf\u0131ndan size sunulmu\u015ftur.<\/p>\n","protected":false},"featured_media":12950,"comment_status":"open","ping_status":"closed","template":"","meta":[],"product_brand":[],"product_cat":[1413],"product_tag":[1971,1654,2517,2518,2519],"class_list":{"0":"post-14139","1":"product","2":"type-product","3":"status-publish","4":"has-post-thumbnail","6":"product_cat-eklentiler","7":"product_tag-fontawesome-tr","8":"product_tag-icon-tr","9":"product_tag-iconfont-tr","10":"product_tag-svg-simgesi","11":"product_tag-webfont-tr","13":"first","14":"instock","15":"downloadable","16":"virtual","17":"product-type-simple"},"_links":{"self":[{"href":"https:\/\/hexhorizon.com\/tr\/wp-json\/wp\/v2\/product\/14139","targetHints":{"allow":["GET"]}}],"collection":[{"href":"https:\/\/hexhorizon.com\/tr\/wp-json\/wp\/v2\/product"}],"about":[{"href":"https:\/\/hexhorizon.com\/tr\/wp-json\/wp\/v2\/types\/product"}],"replies":[{"embeddable":true,"href":"https:\/\/hexhorizon.com\/tr\/wp-json\/wp\/v2\/comments?post=14139"}],"wp:featuredmedia":[{"embeddable":true,"href":"https:\/\/hexhorizon.com\/tr\/wp-json\/wp\/v2\/media\/12950"}],"wp:attachment":[{"href":"https:\/\/hexhorizon.com\/tr\/wp-json\/wp\/v2\/media?parent=14139"}],"wp:term":[{"taxonomy":"product_brand","embeddable":true,"href":"https:\/\/hexhorizon.com\/tr\/wp-json\/wp\/v2\/product_brand?post=14139"},{"taxonomy":"product_cat","embeddable":true,"href":"https:\/\/hexhorizon.com\/tr\/wp-json\/wp\/v2\/product_cat?post=14139"},{"taxonomy":"product_tag","embeddable":true,"href":"https:\/\/hexhorizon.com\/tr\/wp-json\/wp\/v2\/product_tag?post=14139"}],"curies":[{"name":"wp","href":"https:\/\/api.w.org\/{rel}","templated":true}]}}