{"id":14125,"date":"2025-10-09T09:49:31","date_gmt":"2025-10-09T09:49:31","guid":{"rendered":"https:\/\/hexhorizon.com\/product\/mailpoet-haber-bultenleri-e-posta-pazarlama-ve-otomasyon\/"},"modified":"2025-10-09T09:49:31","modified_gmt":"2025-10-09T09:49:31","slug":"mailpoet-haber-bultenleri-e-posta-pazarlama-ve-otomasyon","status":"publish","type":"product","link":"https:\/\/hexhorizon.com\/tr\/urun\/mailpoet-haber-bultenleri-e-posta-pazarlama-ve-otomasyon\/","title":{"rendered":"MailPoet Haber B\u00fcltenleri, E-posta Pazarlama ve Otomasyon"},"content":{"rendered":"<p>WordPress panonuzdan ayr\u0131lmadan e-posta pazarlama kampanyalar\u0131n\u0131z\u0131 olu\u015fturmak, g\u00f6ndermek, y\u00f6netmek ve b\u00fcy\u00fctmek i\u00e7in MailPoet&#8217;i kullan\u0131n.<\/p>\n","protected":false},"excerpt":{"rendered":"<p>WordPress panonuzdan ayr\u0131lmadan e-posta pazarlama kampanyalar\u0131n\u0131z\u0131 olu\u015fturmak, g\u00f6ndermek, y\u00f6netmek ve b\u00fcy\u00fctmek i\u00e7in MailPoet&#8217;i kullan\u0131n.<\/p>\n","protected":false},"featured_media":12937,"comment_status":"open","ping_status":"closed","template":"","meta":[],"product_brand":[],"product_cat":[1413],"product_tag":[2496,1432,2495,1674,2497],"class_list":{"0":"post-14125","1":"product","2":"type-product","3":"status-publish","4":"has-post-thumbnail","6":"product_cat-eklentiler","7":"product_tag-bildirim-gonder","8":"product_tag-bulten","9":"product_tag-e-posta-otomasyonu","10":"product_tag-e-posta-pazarlama","11":"product_tag-woocommerce-e-postalari","13":"first","14":"instock","15":"downloadable","16":"virtual","17":"product-type-simple"},"_links":{"self":[{"href":"https:\/\/hexhorizon.com\/tr\/wp-json\/wp\/v2\/product\/14125","targetHints":{"allow":["GET"]}}],"collection":[{"href":"https:\/\/hexhorizon.com\/tr\/wp-json\/wp\/v2\/product"}],"about":[{"href":"https:\/\/hexhorizon.com\/tr\/wp-json\/wp\/v2\/types\/product"}],"replies":[{"embeddable":true,"href":"https:\/\/hexhorizon.com\/tr\/wp-json\/wp\/v2\/comments?post=14125"}],"wp:featuredmedia":[{"embeddable":true,"href":"https:\/\/hexhorizon.com\/tr\/wp-json\/wp\/v2\/media\/12937"}],"wp:attachment":[{"href":"https:\/\/hexhorizon.com\/tr\/wp-json\/wp\/v2\/media?parent=14125"}],"wp:term":[{"taxonomy":"product_brand","embeddable":true,"href":"https:\/\/hexhorizon.com\/tr\/wp-json\/wp\/v2\/product_brand?post=14125"},{"taxonomy":"product_cat","embeddable":true,"href":"https:\/\/hexhorizon.com\/tr\/wp-json\/wp\/v2\/product_cat?post=14125"},{"taxonomy":"product_tag","embeddable":true,"href":"https:\/\/hexhorizon.com\/tr\/wp-json\/wp\/v2\/product_tag?post=14125"}],"curies":[{"name":"wp","href":"https:\/\/api.w.org\/{rel}","templated":true}]}}