{"id":14113,"date":"2025-10-09T09:50:05","date_gmt":"2025-10-09T09:50:05","guid":{"rendered":"https:\/\/hexhorizon.com\/product\/sayfa-baglantilari\/"},"modified":"2025-10-09T09:50:05","modified_gmt":"2025-10-09T09:50:05","slug":"sayfa-baglantilari","status":"publish","type":"product","link":"https:\/\/hexhorizon.com\/tr\/urun\/sayfa-baglantilari\/","title":{"rendered":"Sayfa Ba\u011flant\u0131lar\u0131"},"content":{"rendered":"<p>Bu eklenti, bir WordPress sayfas\u0131n\u0131 (veya yaz\u0131s\u0131n\u0131 veya \u00f6zel yaz\u0131 t\u00fcr\u00fcn\u00fc) WordPress URL&#8217;si yerine se\u00e7ti\u011finiz bir URL&#8217;ye ba\u011flaman\u0131za olanak tan\u0131r. Ayr\u0131ca eski (veya normal) URL&#8217;ye giden ki\u015fileri se\u00e7ti\u011finiz yeni URL&#8217;ye y\u00f6nlendirecektir. <\/p>\n","protected":false},"excerpt":{"rendered":"<p>Bu eklenti, bir WordPress sayfas\u0131n\u0131 (veya yaz\u0131s\u0131n\u0131 veya \u00f6zel yaz\u0131 t\u00fcr\u00fcn\u00fc) WordPress URL&#8217;si yerine se\u00e7ti\u011finiz bir URL&#8217;ye ba\u011flaman\u0131za olanak tan\u0131r. Ayr\u0131ca eski (veya normal) URL&#8217;ye giden ki\u015fileri se\u00e7ti\u011finiz yeni URL&#8217;ye y\u00f6nlendirecektir.<\/p>\n","protected":false},"featured_media":13114,"comment_status":"open","ping_status":"closed","template":"","meta":[],"product_brand":[],"product_cat":[1413],"product_tag":[2310,2299,2472,1499,1593],"class_list":{"0":"post-14113","1":"product","2":"type-product","3":"status-publish","4":"has-post-thumbnail","6":"product_cat-eklentiler","7":"product_tag-harici-baglanti","8":"product_tag-link-tr","9":"product_tag-repoint-tr","10":"product_tag-sayfa","11":"product_tag-yonlendirme","13":"first","14":"instock","15":"downloadable","16":"virtual","17":"product-type-simple"},"_links":{"self":[{"href":"https:\/\/hexhorizon.com\/tr\/wp-json\/wp\/v2\/product\/14113","targetHints":{"allow":["GET"]}}],"collection":[{"href":"https:\/\/hexhorizon.com\/tr\/wp-json\/wp\/v2\/product"}],"about":[{"href":"https:\/\/hexhorizon.com\/tr\/wp-json\/wp\/v2\/types\/product"}],"replies":[{"embeddable":true,"href":"https:\/\/hexhorizon.com\/tr\/wp-json\/wp\/v2\/comments?post=14113"}],"wp:featuredmedia":[{"embeddable":true,"href":"https:\/\/hexhorizon.com\/tr\/wp-json\/wp\/v2\/media\/13114"}],"wp:attachment":[{"href":"https:\/\/hexhorizon.com\/tr\/wp-json\/wp\/v2\/media?parent=14113"}],"wp:term":[{"taxonomy":"product_brand","embeddable":true,"href":"https:\/\/hexhorizon.com\/tr\/wp-json\/wp\/v2\/product_brand?post=14113"},{"taxonomy":"product_cat","embeddable":true,"href":"https:\/\/hexhorizon.com\/tr\/wp-json\/wp\/v2\/product_cat?post=14113"},{"taxonomy":"product_tag","embeddable":true,"href":"https:\/\/hexhorizon.com\/tr\/wp-json\/wp\/v2\/product_tag?post=14113"}],"curies":[{"name":"wp","href":"https:\/\/api.w.org\/{rel}","templated":true}]}}