{"id":14109,"date":"2025-10-09T09:50:04","date_gmt":"2025-10-09T09:50:04","guid":{"rendered":"https:\/\/hexhorizon.com\/product\/wp-consent-api\/"},"modified":"2025-10-09T09:50:04","modified_gmt":"2025-10-09T09:50:04","slug":"wp-consent-api","status":"publish","type":"product","link":"https:\/\/hexhorizon.com\/tr\/urun\/wp-consent-api\/","title":{"rendered":"WP Consent API"},"content":{"rendered":"<p>WP Consent API, kabul edilen onay kategorilerinin eklentiler aras\u0131ndaki ileti\u015fimini standartla\u015ft\u0131ran bir eklentidir. Bir \u00e7erez banner eklentisi ve WP Consent API&#8217;yi destekleyen en az bir ba\u015fka eklenti gerektirir. <\/p>\n","protected":false},"excerpt":{"rendered":"<p>WP Consent API, kabul edilen onay kategorilerinin eklentiler aras\u0131ndaki ileti\u015fimini standartla\u015ft\u0131ran bir eklentidir. Bir \u00e7erez banner eklentisi ve WP Consent API&#8217;yi destekleyen en az bir ba\u015fka eklenti gerektirir.<\/p>\n","protected":false},"featured_media":13103,"comment_status":"open","ping_status":"closed","template":"","meta":[],"product_brand":[],"product_cat":[1413],"product_tag":[1446,2464,2050,1464,2465],"class_list":{"0":"post-14109","1":"product","2":"type-product","3":"status-publish","4":"has-post-thumbnail","6":"product_cat-eklentiler","7":"product_tag-api-tr","8":"product_tag-kurabiyeler","9":"product_tag-mahremiyet","10":"product_tag-riza","11":"product_tag-uyumluluk-tr","13":"first","14":"instock","15":"downloadable","16":"virtual","17":"product-type-simple"},"_links":{"self":[{"href":"https:\/\/hexhorizon.com\/tr\/wp-json\/wp\/v2\/product\/14109","targetHints":{"allow":["GET"]}}],"collection":[{"href":"https:\/\/hexhorizon.com\/tr\/wp-json\/wp\/v2\/product"}],"about":[{"href":"https:\/\/hexhorizon.com\/tr\/wp-json\/wp\/v2\/types\/product"}],"replies":[{"embeddable":true,"href":"https:\/\/hexhorizon.com\/tr\/wp-json\/wp\/v2\/comments?post=14109"}],"wp:featuredmedia":[{"embeddable":true,"href":"https:\/\/hexhorizon.com\/tr\/wp-json\/wp\/v2\/media\/13103"}],"wp:attachment":[{"href":"https:\/\/hexhorizon.com\/tr\/wp-json\/wp\/v2\/media?parent=14109"}],"wp:term":[{"taxonomy":"product_brand","embeddable":true,"href":"https:\/\/hexhorizon.com\/tr\/wp-json\/wp\/v2\/product_brand?post=14109"},{"taxonomy":"product_cat","embeddable":true,"href":"https:\/\/hexhorizon.com\/tr\/wp-json\/wp\/v2\/product_cat?post=14109"},{"taxonomy":"product_tag","embeddable":true,"href":"https:\/\/hexhorizon.com\/tr\/wp-json\/wp\/v2\/product_tag?post=14109"}],"curies":[{"name":"wp","href":"https:\/\/api.w.org\/{rel}","templated":true}]}}