{"id":14107,"date":"2025-10-09T09:50:04","date_gmt":"2025-10-09T09:50:04","guid":{"rendered":"https:\/\/hexhorizon.com\/product\/wpfront-kaydirmali-ust\/"},"modified":"2025-10-09T09:50:04","modified_gmt":"2025-10-09T09:50:04","slug":"wpfront-kaydirmali-ust","status":"publish","type":"product","link":"https:\/\/hexhorizon.com\/tr\/urun\/wpfront-kaydirmali-ust\/","title":{"rendered":"WPFront Kayd\u0131rmal\u0131 \u00dcst"},"content":{"rendered":"<p>Hafif, \u00f6zelle\u015ftirilebilir bir &#8220;Ba\u015fa Kayd\u0131r&#8221; d\u00fc\u011fmesi ile kullan\u0131c\u0131 deneyimini ve sitede gezinmeyi geli\u015ftirin. Bu eklenti, kullan\u0131c\u0131lar sayfay\u0131 a\u015fa\u011f\u0131 kayd\u0131rd\u0131k\u00e7a g\u00f6r\u00fcnen ve en \u00fcste d\u00f6nd\u00fcklerinde kaybolan yumu\u015fak bir kayd\u0131rma d\u00fc\u011fmesi ekler.<\/p>\n","protected":false},"excerpt":{"rendered":"<p>Hafif, \u00f6zelle\u015ftirilebilir bir &#8220;Ba\u015fa Kayd\u0131r&#8221; d\u00fc\u011fmesi ile kullan\u0131c\u0131 deneyimini ve sitede gezinmeyi geli\u015ftirin. Bu eklenti, kullan\u0131c\u0131lar sayfay\u0131 a\u015fa\u011f\u0131 kayd\u0131rd\u0131k\u00e7a g\u00f6r\u00fcnen ve en \u00fcste d\u00f6nd\u00fcklerinde kaybolan yumu\u015fak bir kayd\u0131rma d\u00fc\u011fmesi ekler.<\/p>\n","protected":false},"featured_media":13104,"comment_status":"open","ping_status":"closed","template":"","meta":[],"product_brand":[],"product_cat":[1413],"product_tag":[2455,1441,2459,2461,2457],"class_list":{"0":"post-14107","1":"product","2":"type-product","3":"status-publish","4":"has-post-thumbnail","6":"product_cat-eklentiler","7":"product_tag-basa-don","8":"product_tag-puruzsuz-kaydirma","9":"product_tag-ust-kaydirma","10":"product_tag-yukari-kaydir","11":"product_tag-yukari-kaydirin","13":"first","14":"instock","15":"downloadable","16":"virtual","17":"product-type-simple"},"_links":{"self":[{"href":"https:\/\/hexhorizon.com\/tr\/wp-json\/wp\/v2\/product\/14107","targetHints":{"allow":["GET"]}}],"collection":[{"href":"https:\/\/hexhorizon.com\/tr\/wp-json\/wp\/v2\/product"}],"about":[{"href":"https:\/\/hexhorizon.com\/tr\/wp-json\/wp\/v2\/types\/product"}],"replies":[{"embeddable":true,"href":"https:\/\/hexhorizon.com\/tr\/wp-json\/wp\/v2\/comments?post=14107"}],"wp:featuredmedia":[{"embeddable":true,"href":"https:\/\/hexhorizon.com\/tr\/wp-json\/wp\/v2\/media\/13104"}],"wp:attachment":[{"href":"https:\/\/hexhorizon.com\/tr\/wp-json\/wp\/v2\/media?parent=14107"}],"wp:term":[{"taxonomy":"product_brand","embeddable":true,"href":"https:\/\/hexhorizon.com\/tr\/wp-json\/wp\/v2\/product_brand?post=14107"},{"taxonomy":"product_cat","embeddable":true,"href":"https:\/\/hexhorizon.com\/tr\/wp-json\/wp\/v2\/product_cat?post=14107"},{"taxonomy":"product_tag","embeddable":true,"href":"https:\/\/hexhorizon.com\/tr\/wp-json\/wp\/v2\/product_tag?post=14107"}],"curies":[{"name":"wp","href":"https:\/\/api.w.org\/{rel}","templated":true}]}}