{"id":14103,"date":"2025-10-09T09:50:03","date_gmt":"2025-10-09T09:50:03","guid":{"rendered":"https:\/\/hexhorizon.com\/product\/supreme-modules-lite-divi-temasi-ekstra-tema-ve-divi-builder\/"},"modified":"2025-10-09T09:50:03","modified_gmt":"2025-10-09T09:50:03","slug":"supreme-modules-lite-divi-temasi-ekstra-tema-ve-divi-builder","status":"publish","type":"product","link":"https:\/\/hexhorizon.com\/tr\/urun\/supreme-modules-lite-divi-temasi-ekstra-tema-ve-divi-builder\/","title":{"rendered":"Supreme Modules Lite Divi Temas\u0131, Ekstra Tema ve Divi Builder"},"content":{"rendered":"<p>Di\u011fer Divi eklentilerinden farkl\u0131 olarak Divi Supreme, bir\u00e7ok \u00fccretsiz yarat\u0131c\u0131 ve kullan\u0131\u015fl\u0131 ancak g\u00fc\u00e7l\u00fc Divi mod\u00fclleri ve Divi uzant\u0131lar\u0131yla birlikte gelir. Uygulamas\u0131 kolay mod\u00fcllerimizi ve uzant\u0131lar\u0131m\u0131z\u0131 kullanarak Divi&#8217;yi bir \u00fcst seviyeye ta\u015f\u0131y\u0131n ve kolayl\u0131kla harika web siteleri olu\u015fturun. Divi Supreme eklentisi, Divi tema olu\u015fturucu ile sorunsuz bir \u015fekilde harmanlanan sezgisel bir aray\u00fczle birlikte gelir ve size \u00e7al\u0131\u015fabilece\u011finiz ek \u00f6\u011felerle tan\u0131d\u0131k bir tasar\u0131m ortam\u0131 sunar.  <\/p>\n","protected":false},"excerpt":{"rendered":"<p>Di\u011fer Divi eklentilerinden farkl\u0131 olarak Divi Supreme, bir\u00e7ok \u00fccretsiz yarat\u0131c\u0131 ve kullan\u0131\u015fl\u0131 ancak g\u00fc\u00e7l\u00fc Divi mod\u00fclleri ve Divi uzant\u0131lar\u0131yla birlikte gelir. Uygulamas\u0131 kolay mod\u00fcllerimizi ve uzant\u0131lar\u0131m\u0131z\u0131 kullanarak Divi&#8217;yi bir \u00fcst seviyeye ta\u015f\u0131y\u0131n ve kolayl\u0131kla harika web siteleri olu\u015fturun. Divi Supreme eklentisi, Divi tema olu\u015fturucu ile sorunsuz bir \u015fekilde harmanlanan sezgisel bir aray\u00fczle birlikte gelir ve [&hellip;]<\/p>\n","protected":false},"featured_media":13100,"comment_status":"open","ping_status":"closed","template":"","meta":[],"product_brand":[],"product_cat":[1413],"product_tag":[1873,2451,2450,2452,2453],"class_list":{"0":"post-14103","1":"product","2":"type-product","3":"status-publish","4":"has-post-thumbnail","6":"product_cat-eklentiler","7":"product_tag-divi-tr","8":"product_tag-divi-modulu","9":"product_tag-divi-olusturucu","10":"product_tag-divi-sayfa-olusturucu","11":"product_tag-divi-temasi","13":"first","14":"instock","15":"downloadable","16":"virtual","17":"product-type-simple"},"_links":{"self":[{"href":"https:\/\/hexhorizon.com\/tr\/wp-json\/wp\/v2\/product\/14103","targetHints":{"allow":["GET"]}}],"collection":[{"href":"https:\/\/hexhorizon.com\/tr\/wp-json\/wp\/v2\/product"}],"about":[{"href":"https:\/\/hexhorizon.com\/tr\/wp-json\/wp\/v2\/types\/product"}],"replies":[{"embeddable":true,"href":"https:\/\/hexhorizon.com\/tr\/wp-json\/wp\/v2\/comments?post=14103"}],"wp:featuredmedia":[{"embeddable":true,"href":"https:\/\/hexhorizon.com\/tr\/wp-json\/wp\/v2\/media\/13100"}],"wp:attachment":[{"href":"https:\/\/hexhorizon.com\/tr\/wp-json\/wp\/v2\/media?parent=14103"}],"wp:term":[{"taxonomy":"product_brand","embeddable":true,"href":"https:\/\/hexhorizon.com\/tr\/wp-json\/wp\/v2\/product_brand?post=14103"},{"taxonomy":"product_cat","embeddable":true,"href":"https:\/\/hexhorizon.com\/tr\/wp-json\/wp\/v2\/product_cat?post=14103"},{"taxonomy":"product_tag","embeddable":true,"href":"https:\/\/hexhorizon.com\/tr\/wp-json\/wp\/v2\/product_tag?post=14103"}],"curies":[{"name":"wp","href":"https:\/\/api.w.org\/{rel}","templated":true}]}}