{"id":14097,"date":"2025-10-09T09:50:04","date_gmt":"2025-10-09T09:50:04","guid":{"rendered":"https:\/\/hexhorizon.com\/product\/kolay-google-yazi-tipleri\/"},"modified":"2025-10-09T09:50:04","modified_gmt":"2025-10-09T09:50:04","slug":"kolay-google-yazi-tipleri","status":"publish","type":"product","link":"https:\/\/hexhorizon.com\/tr\/urun\/kolay-google-yazi-tipleri\/","title":{"rendered":"Kolay Google Yaz\u0131 Tipleri"},"content":{"rendered":"<p>Yeni WordPress temam\u0131z neredeyse haz\u0131r! Ne zaman ba\u015flayaca\u011f\u0131m\u0131z\u0131 bilmek ister misiniz? Harika! Web sitemizi ziyaret edin ve bilgilerinizi girin, haz\u0131r olur olmaz size e-posta g\u00f6nderece\u011fiz \ud83d\ude42   <\/p>\n","protected":false},"excerpt":{"rendered":"<p>Yeni WordPress temam\u0131z neredeyse haz\u0131r! Ne zaman ba\u015flayaca\u011f\u0131m\u0131z\u0131 bilmek ister misiniz? Harika! Web sitemizi ziyaret edin ve bilgilerinizi girin, haz\u0131r olur olmaz size e-posta g\u00f6nderece\u011fiz \ud83d\ude42<\/p>\n","protected":false},"featured_media":13109,"comment_status":"open","ping_status":"closed","template":"","meta":[],"product_brand":[],"product_cat":[1413],"product_tag":[2437,2438,2378,2439],"class_list":{"0":"post-14097","1":"product","2":"type-product","3":"status-publish","4":"has-post-thumbnail","6":"product_cat-eklentiler","7":"product_tag-google-fonts-wordpress-tr","8":"product_tag-google-web-yazi-tipleri","9":"product_tag-tipografi","10":"product_tag-webfonts-tr","12":"first","13":"instock","14":"downloadable","15":"virtual","16":"product-type-simple"},"_links":{"self":[{"href":"https:\/\/hexhorizon.com\/tr\/wp-json\/wp\/v2\/product\/14097","targetHints":{"allow":["GET"]}}],"collection":[{"href":"https:\/\/hexhorizon.com\/tr\/wp-json\/wp\/v2\/product"}],"about":[{"href":"https:\/\/hexhorizon.com\/tr\/wp-json\/wp\/v2\/types\/product"}],"replies":[{"embeddable":true,"href":"https:\/\/hexhorizon.com\/tr\/wp-json\/wp\/v2\/comments?post=14097"}],"wp:featuredmedia":[{"embeddable":true,"href":"https:\/\/hexhorizon.com\/tr\/wp-json\/wp\/v2\/media\/13109"}],"wp:attachment":[{"href":"https:\/\/hexhorizon.com\/tr\/wp-json\/wp\/v2\/media?parent=14097"}],"wp:term":[{"taxonomy":"product_brand","embeddable":true,"href":"https:\/\/hexhorizon.com\/tr\/wp-json\/wp\/v2\/product_brand?post=14097"},{"taxonomy":"product_cat","embeddable":true,"href":"https:\/\/hexhorizon.com\/tr\/wp-json\/wp\/v2\/product_cat?post=14097"},{"taxonomy":"product_tag","embeddable":true,"href":"https:\/\/hexhorizon.com\/tr\/wp-json\/wp\/v2\/product_tag?post=14097"}],"curies":[{"name":"wp","href":"https:\/\/api.w.org\/{rel}","templated":true}]}}