{"id":14077,"date":"2025-10-09T09:49:59","date_gmt":"2025-10-09T09:49:59","guid":{"rendered":"https:\/\/hexhorizon.com\/product\/adminimize\/"},"modified":"2025-10-09T09:49:59","modified_gmt":"2025-10-09T09:49:59","slug":"adminimize","status":"publish","type":"product","link":"https:\/\/hexhorizon.com\/tr\/urun\/adminimize\/","title":{"rendered":"Adminimize"},"content":{"rendered":"<p>M\u00fc\u015fterileriniz i\u00e7in \u00e7ok yazarl\u0131 bir WordPress blogu veya WordPress siteleri y\u00f6netiyorsan\u0131z, WordPress y\u00f6netici alan\u0131n\u0131 kullan\u0131c\u0131lar\u0131n\u0131z i\u00e7in temizlemenin m\u00fcmk\u00fcn olup olmad\u0131\u011f\u0131n\u0131 merak etmi\u015f olabilirsiniz. WordPress y\u00f6netici alan\u0131nda kullan\u0131c\u0131lar\u0131n\u0131z\u0131n g\u00f6rmesi veya kullanmas\u0131 gerekmeyen bir\u00e7ok \u015fey vard\u0131r. Bu eklenti, WordPress y\u00f6netici alan\u0131ndaki gereksiz \u00f6\u011feleri gizlemenize yard\u0131mc\u0131 olur.  <\/p>\n","protected":false},"excerpt":{"rendered":"<p>M\u00fc\u015fterileriniz i\u00e7in \u00e7ok yazarl\u0131 bir WordPress blogu veya WordPress siteleri y\u00f6netiyorsan\u0131z, WordPress y\u00f6netici alan\u0131n\u0131 kullan\u0131c\u0131lar\u0131n\u0131z i\u00e7in temizlemenin m\u00fcmk\u00fcn olup olmad\u0131\u011f\u0131n\u0131 merak etmi\u015f olabilirsiniz. WordPress y\u00f6netici alan\u0131nda kullan\u0131c\u0131lar\u0131n\u0131z\u0131n g\u00f6rmesi veya kullanmas\u0131 gerekmeyen bir\u00e7ok \u015fey vard\u0131r. Bu eklenti, WordPress y\u00f6netici alan\u0131ndaki gereksiz \u00f6\u011feleri gizlemenize yard\u0131mc\u0131 olur.<\/p>\n","protected":false},"featured_media":10858,"comment_status":"open","ping_status":"closed","template":"","meta":[],"product_brand":[],"product_cat":[1413],"product_tag":[2404,2362],"class_list":{"0":"post-14077","1":"product","2":"type-product","3":"status-publish","4":"has-post-thumbnail","6":"product_cat-eklentiler","7":"product_tag-ozellestirme","8":"product_tag-yonetim","10":"first","11":"instock","12":"downloadable","13":"virtual","14":"product-type-simple"},"_links":{"self":[{"href":"https:\/\/hexhorizon.com\/tr\/wp-json\/wp\/v2\/product\/14077","targetHints":{"allow":["GET"]}}],"collection":[{"href":"https:\/\/hexhorizon.com\/tr\/wp-json\/wp\/v2\/product"}],"about":[{"href":"https:\/\/hexhorizon.com\/tr\/wp-json\/wp\/v2\/types\/product"}],"replies":[{"embeddable":true,"href":"https:\/\/hexhorizon.com\/tr\/wp-json\/wp\/v2\/comments?post=14077"}],"wp:featuredmedia":[{"embeddable":true,"href":"https:\/\/hexhorizon.com\/tr\/wp-json\/wp\/v2\/media\/10858"}],"wp:attachment":[{"href":"https:\/\/hexhorizon.com\/tr\/wp-json\/wp\/v2\/media?parent=14077"}],"wp:term":[{"taxonomy":"product_brand","embeddable":true,"href":"https:\/\/hexhorizon.com\/tr\/wp-json\/wp\/v2\/product_brand?post=14077"},{"taxonomy":"product_cat","embeddable":true,"href":"https:\/\/hexhorizon.com\/tr\/wp-json\/wp\/v2\/product_cat?post=14077"},{"taxonomy":"product_tag","embeddable":true,"href":"https:\/\/hexhorizon.com\/tr\/wp-json\/wp\/v2\/product_tag?post=14077"}],"curies":[{"name":"wp","href":"https:\/\/api.w.org\/{rel}","templated":true}]}}