{"id":14074,"date":"2025-10-09T09:49:58","date_gmt":"2025-10-09T09:49:58","guid":{"rendered":"https:\/\/hexhorizon.com\/product\/popup-builder-yuksek-donusum-saglayan-mobil-uyumlu-pazarlama-popuplari-olusturun\/"},"modified":"2025-10-09T09:49:58","modified_gmt":"2025-10-09T09:49:58","slug":"popup-builder-yuksek-donusum-saglayan-mobil-uyumlu-pazarlama-popuplari-olusturun","status":"publish","type":"product","link":"https:\/\/hexhorizon.com\/tr\/urun\/popup-builder-yuksek-donusum-saglayan-mobil-uyumlu-pazarlama-popuplari-olusturun\/","title":{"rendered":"Popup Builder Y\u00fcksek d\u00f6n\u00fc\u015f\u00fcm sa\u011flayan, mobil uyumlu pazarlama popuplar\u0131 olu\u015fturun."},"content":{"rendered":"<p>Popup Builder, t\u00fcm WordPress web siteleri i\u00e7in m\u00fckemmel bir \u00e7\u00f6z\u00fcmd\u00fcr. \u00c7ok \u00e7e\u015fitli WordPress popup t\u00fcrleri, ko\u015fullar\u0131 ve etkinlikleri ile (G\u00f6rsel Popup&#8217;tan Geri Say\u0131m popup&#8217;\u0131na, \u00c7\u0131k\u0131\u015f Niyetinden GeoTargeting&#8217;e kadar) Popup Builder, pazarlama hedeflerinize ula\u015f\u0131rken y\u00fcksek d\u00f6n\u00fc\u015f\u00fcml\u00fc, promosyonel ve bilgilendirici popup&#8217;lar olu\u015fturman\u0131za, d\u00f6n\u00fc\u015f\u00fcm oranlar\u0131n\u0131 art\u0131rman\u0131za ve sat\u0131\u015flar\u0131 art\u0131rman\u0131za yard\u0131mc\u0131 olur. Dahas\u0131, ekibimiz t\u00fcm WordPress pop-up t\u00fcrlerimiz i\u00e7in \u00f6zel bir JS\/CSS kodlama f\u0131rsat\u0131 yaratarak her popup&#8217;\u0131 benzersiz ve tamamen \u00f6zelle\u015ftirilebilir hale getirdi. En iyi WordPress popup eklentisini kullan\u0131n ve popup olu\u015fturma s\u00fcrecinin tad\u0131n\u0131 \u00e7\u0131kar\u0131n.   <\/p>\n","protected":false},"excerpt":{"rendered":"<p>Popup Builder, t\u00fcm WordPress web siteleri i\u00e7in m\u00fckemmel bir \u00e7\u00f6z\u00fcmd\u00fcr. \u00c7ok \u00e7e\u015fitli WordPress popup t\u00fcrleri, ko\u015fullar\u0131 ve etkinlikleri ile (G\u00f6rsel Popup&#8217;tan Geri Say\u0131m popup&#8217;\u0131na, \u00c7\u0131k\u0131\u015f Niyetinden GeoTargeting&#8217;e kadar) Popup Builder, pazarlama hedeflerinize ula\u015f\u0131rken y\u00fcksek d\u00f6n\u00fc\u015f\u00fcml\u00fc, promosyonel ve bilgilendirici popup&#8217;lar olu\u015fturman\u0131za, d\u00f6n\u00fc\u015f\u00fcm oranlar\u0131n\u0131 art\u0131rman\u0131za ve sat\u0131\u015flar\u0131 art\u0131rman\u0131za yard\u0131mc\u0131 olur. Dahas\u0131, ekibimiz t\u00fcm WordPress pop-up t\u00fcrlerimiz i\u00e7in [&hellip;]<\/p>\n","protected":false},"featured_media":13078,"comment_status":"open","ping_status":"closed","template":"","meta":[],"product_brand":[],"product_cat":[1413],"product_tag":[1872,2398,2399,2400,2401],"class_list":{"0":"post-14074","1":"product","2":"type-product","3":"status-publish","4":"has-post-thumbnail","6":"product_cat-eklentiler","7":"product_tag-acilir-pencere","8":"product_tag-acilir-pencere-tr","9":"product_tag-acilir-pencere-olusturucu","10":"product_tag-popup-yapici","11":"product_tag-wordpress-acilir-penceresi","13":"first","14":"instock","15":"downloadable","16":"virtual","17":"product-type-simple"},"_links":{"self":[{"href":"https:\/\/hexhorizon.com\/tr\/wp-json\/wp\/v2\/product\/14074","targetHints":{"allow":["GET"]}}],"collection":[{"href":"https:\/\/hexhorizon.com\/tr\/wp-json\/wp\/v2\/product"}],"about":[{"href":"https:\/\/hexhorizon.com\/tr\/wp-json\/wp\/v2\/types\/product"}],"replies":[{"embeddable":true,"href":"https:\/\/hexhorizon.com\/tr\/wp-json\/wp\/v2\/comments?post=14074"}],"wp:featuredmedia":[{"embeddable":true,"href":"https:\/\/hexhorizon.com\/tr\/wp-json\/wp\/v2\/media\/13078"}],"wp:attachment":[{"href":"https:\/\/hexhorizon.com\/tr\/wp-json\/wp\/v2\/media?parent=14074"}],"wp:term":[{"taxonomy":"product_brand","embeddable":true,"href":"https:\/\/hexhorizon.com\/tr\/wp-json\/wp\/v2\/product_brand?post=14074"},{"taxonomy":"product_cat","embeddable":true,"href":"https:\/\/hexhorizon.com\/tr\/wp-json\/wp\/v2\/product_cat?post=14074"},{"taxonomy":"product_tag","embeddable":true,"href":"https:\/\/hexhorizon.com\/tr\/wp-json\/wp\/v2\/product_tag?post=14074"}],"curies":[{"name":"wp","href":"https:\/\/api.w.org\/{rel}","templated":true}]}}