{"id":14057,"date":"2025-10-09T09:49:54","date_gmt":"2025-10-09T09:49:54","guid":{"rendered":"https:\/\/hexhorizon.com\/product\/woocommerce-icin-varyasyon-renk-ornekleri-urun-seceneklerini-gorsel-kolay-ve-tiklanabilir-hale-getiriyor\/"},"modified":"2025-10-09T09:49:54","modified_gmt":"2025-10-09T09:49:54","slug":"woocommerce-icin-varyasyon-renk-ornekleri-urun-seceneklerini-gorsel-kolay-ve-tiklanabilir-hale-getiriyor","status":"publish","type":"product","link":"https:\/\/hexhorizon.com\/tr\/urun\/woocommerce-icin-varyasyon-renk-ornekleri-urun-seceneklerini-gorsel-kolay-ve-tiklanabilir-hale-getiriyor\/","title":{"rendered":"WooCommerce i\u00e7in Varyasyon Renk \u00d6rnekleri \u00dcr\u00fcn Se\u00e7eneklerini G\u00f6rsel, Kolay ve T\u0131klanabilir Hale Getiriyor"},"content":{"rendered":"<p>Variation Swatches for WooCommerce, a\u00e7\u0131l\u0131r kutular\u0131 son derece ilgi \u00e7ekici varyasyon renk \u00f6rneklerine d\u00f6n\u00fc\u015ft\u00fcrmek i\u00e7in kullan\u0131m\u0131 en kolay eklentidir.<\/p>\n","protected":false},"excerpt":{"rendered":"<p>Variation Swatches for WooCommerce, a\u00e7\u0131l\u0131r kutular\u0131 son derece ilgi \u00e7ekici varyasyon renk \u00f6rneklerine d\u00f6n\u00fc\u015ft\u00fcrmek i\u00e7in kullan\u0131m\u0131 en kolay eklentidir.<\/p>\n","protected":false},"featured_media":10810,"comment_status":"open","ping_status":"closed","template":"","meta":[],"product_brand":[],"product_cat":[1413],"product_tag":[2367,2368,2366],"class_list":{"0":"post-14057","1":"product","2":"type-product","3":"status-publish","4":"has-post-thumbnail","6":"product_cat-eklentiler","7":"product_tag-woocommerce-icin-varyasyon-renk-ornekleri","8":"product_tag-woocommerce-renk-ornekleri","9":"product_tag-woocommerce-varyasyon-renk-ornekleri","11":"first","12":"instock","13":"downloadable","14":"virtual","15":"product-type-simple"},"_links":{"self":[{"href":"https:\/\/hexhorizon.com\/tr\/wp-json\/wp\/v2\/product\/14057","targetHints":{"allow":["GET"]}}],"collection":[{"href":"https:\/\/hexhorizon.com\/tr\/wp-json\/wp\/v2\/product"}],"about":[{"href":"https:\/\/hexhorizon.com\/tr\/wp-json\/wp\/v2\/types\/product"}],"replies":[{"embeddable":true,"href":"https:\/\/hexhorizon.com\/tr\/wp-json\/wp\/v2\/comments?post=14057"}],"wp:featuredmedia":[{"embeddable":true,"href":"https:\/\/hexhorizon.com\/tr\/wp-json\/wp\/v2\/media\/10810"}],"wp:attachment":[{"href":"https:\/\/hexhorizon.com\/tr\/wp-json\/wp\/v2\/media?parent=14057"}],"wp:term":[{"taxonomy":"product_brand","embeddable":true,"href":"https:\/\/hexhorizon.com\/tr\/wp-json\/wp\/v2\/product_brand?post=14057"},{"taxonomy":"product_cat","embeddable":true,"href":"https:\/\/hexhorizon.com\/tr\/wp-json\/wp\/v2\/product_cat?post=14057"},{"taxonomy":"product_tag","embeddable":true,"href":"https:\/\/hexhorizon.com\/tr\/wp-json\/wp\/v2\/product_tag?post=14057"}],"curies":[{"name":"wp","href":"https:\/\/api.w.org\/{rel}","templated":true}]}}