{"id":14012,"date":"2025-10-09T09:50:27","date_gmt":"2025-10-09T09:50:27","guid":{"rendered":"https:\/\/hexhorizon.com\/product\/modula-resim-galerisi\/"},"modified":"2025-10-09T09:50:27","modified_gmt":"2025-10-09T09:50:27","slug":"modula-resim-galerisi","status":"publish","type":"product","link":"https:\/\/hexhorizon.com\/tr\/urun\/modula-resim-galerisi\/","title":{"rendered":"Modula Resim Galerisi"},"content":{"rendered":"<p>Modula galeri eklentisi \u00e7arp\u0131c\u0131 galeriler olu\u015fturmay\u0131 kolayla\u015ft\u0131r\u0131r. Sadece resim ekleyin, bir galeri t\u00fcr\u00fc se\u00e7in ve herkes i\u00e7in zahmetsizce yay\u0131nlay\u0131n! Modula AI, sadece birka\u00e7 t\u0131klamayla ba\u015fl\u0131klar\u0131, altyaz\u0131lar\u0131 ve ALT metinlerini optimize ederek galeri resimlerinizi h\u0131zl\u0131 bir \u015fekilde geli\u015ftirmenize yard\u0131mc\u0131 olur. Her g\u00f6r\u00fcnt\u00fc i\u00e7in manuel d\u00fczenlemeler ge\u00e7mi\u015fte kald\u0131, zamandan tasarruf edin ve b\u0131rak\u0131n i\u015fi yapay zeka sizin i\u00e7in yaps\u0131n.<\/p>\n","protected":false},"excerpt":{"rendered":"<p>Modula galeri eklentisi \u00e7arp\u0131c\u0131 galeriler olu\u015fturmay\u0131 kolayla\u015ft\u0131r\u0131r. Sadece resim ekleyin, bir galeri t\u00fcr\u00fc se\u00e7in ve herkes i\u00e7in zahmetsizce yay\u0131nlay\u0131n! Modula AI, sadece birka\u00e7 t\u0131klamayla ba\u015fl\u0131klar\u0131, altyaz\u0131lar\u0131 ve ALT metinlerini optimize ederek galeri resimlerinizi h\u0131zl\u0131 bir \u015fekilde geli\u015ftirmenize yard\u0131mc\u0131 olur. Her g\u00f6r\u00fcnt\u00fc i\u00e7in manuel d\u00fczenlemeler ge\u00e7mi\u015fte kald\u0131, zamandan tasarruf edin ve b\u0131rak\u0131n i\u015fi yapay zeka sizin [&hellip;]<\/p>\n","protected":false},"featured_media":13215,"comment_status":"open","ping_status":"closed","template":"","meta":[],"product_brand":[],"product_cat":[1413],"product_tag":[2090,2274,2067,2275,2071],"class_list":{"0":"post-14012","1":"product","2":"type-product","3":"status-publish","4":"has-post-thumbnail","6":"product_cat-eklentiler","7":"product_tag-duyarli-galeri","8":"product_tag-galeri-eklentisi","9":"product_tag-resim-galerisi","10":"product_tag-video-galerisi","11":"product_tag-wordpress-galeri-eklentisi","13":"first","14":"instock","15":"downloadable","16":"virtual","17":"product-type-simple"},"_links":{"self":[{"href":"https:\/\/hexhorizon.com\/tr\/wp-json\/wp\/v2\/product\/14012","targetHints":{"allow":["GET"]}}],"collection":[{"href":"https:\/\/hexhorizon.com\/tr\/wp-json\/wp\/v2\/product"}],"about":[{"href":"https:\/\/hexhorizon.com\/tr\/wp-json\/wp\/v2\/types\/product"}],"replies":[{"embeddable":true,"href":"https:\/\/hexhorizon.com\/tr\/wp-json\/wp\/v2\/comments?post=14012"}],"wp:featuredmedia":[{"embeddable":true,"href":"https:\/\/hexhorizon.com\/tr\/wp-json\/wp\/v2\/media\/13215"}],"wp:attachment":[{"href":"https:\/\/hexhorizon.com\/tr\/wp-json\/wp\/v2\/media?parent=14012"}],"wp:term":[{"taxonomy":"product_brand","embeddable":true,"href":"https:\/\/hexhorizon.com\/tr\/wp-json\/wp\/v2\/product_brand?post=14012"},{"taxonomy":"product_cat","embeddable":true,"href":"https:\/\/hexhorizon.com\/tr\/wp-json\/wp\/v2\/product_cat?post=14012"},{"taxonomy":"product_tag","embeddable":true,"href":"https:\/\/hexhorizon.com\/tr\/wp-json\/wp\/v2\/product_tag?post=14012"}],"curies":[{"name":"wp","href":"https:\/\/api.w.org\/{rel}","templated":true}]}}