{"id":13973,"date":"2025-10-09T09:50:19","date_gmt":"2025-10-09T09:50:19","guid":{"rendered":"https:\/\/hexhorizon.com\/product\/websub-fka-pubsubhubbub\/"},"modified":"2025-10-09T09:50:19","modified_gmt":"2025-10-09T09:50:19","slug":"websub-fka-pubsubhubbub","status":"publish","type":"product","link":"https:\/\/hexhorizon.com\/tr\/urun\/websub-fka-pubsubhubbub\/","title":{"rendered":"WebSub (FKA. PubSubHubbub)"},"content":{"rendered":"<p>Bu eklenti, blogunuz g\u00fcncellendi\u011finde insanlara ger\u00e7ek zamanl\u0131 olarak haber vermenin basit bir yoludur. PubSubHubbub\/WebSub yayg\u0131n olarak benimsenmi\u015ftir ve Google Alerts ve di\u011fer bir\u00e7ok hizmet taraf\u0131ndan kullan\u0131lmaktad\u0131r. Abonelik talepleri, talebi do\u011frulayan ve onaylayan hub&#8217;lar arac\u0131l\u0131\u011f\u0131yla iletilir. Hub&#8217;lar daha sonra yeni ve g\u00fcncellenmi\u015f i\u00e7erikleri kullan\u0131labilir hale geldiklerinde abonelere da\u011f\u0131t\u0131r.   <\/p>\n","protected":false},"excerpt":{"rendered":"<p>Bu eklenti, blogunuz g\u00fcncellendi\u011finde insanlara ger\u00e7ek zamanl\u0131 olarak haber vermenin basit bir yoludur. PubSubHubbub\/WebSub yayg\u0131n olarak benimsenmi\u015ftir ve Google Alerts ve di\u011fer bir\u00e7ok hizmet taraf\u0131ndan kullan\u0131lmaktad\u0131r. Abonelik talepleri, talebi do\u011frulayan ve onaylayan hub&#8217;lar arac\u0131l\u0131\u011f\u0131yla iletilir. Hub&#8217;lar daha sonra yeni ve g\u00fcncellenmi\u015f i\u00e7erikleri kullan\u0131labilir hale geldiklerinde abonelere da\u011f\u0131t\u0131r.<\/p>\n","protected":false},"featured_media":13176,"comment_status":"open","ping_status":"closed","template":"","meta":[],"product_brand":[],"product_cat":[1413],"product_tag":[2183,2184,2185,2186,2187],"class_list":{"0":"post-13973","1":"product","2":"type-product","3":"status-publish","4":"has-post-thumbnail","6":"product_cat-eklentiler","7":"product_tag-indieweb-tr","8":"product_tag-ostatus-tr","9":"product_tag-pubsub-tr","10":"product_tag-rss-tr","11":"product_tag-websub-tr","13":"first","14":"instock","15":"downloadable","16":"virtual","17":"product-type-simple"},"_links":{"self":[{"href":"https:\/\/hexhorizon.com\/tr\/wp-json\/wp\/v2\/product\/13973","targetHints":{"allow":["GET"]}}],"collection":[{"href":"https:\/\/hexhorizon.com\/tr\/wp-json\/wp\/v2\/product"}],"about":[{"href":"https:\/\/hexhorizon.com\/tr\/wp-json\/wp\/v2\/types\/product"}],"replies":[{"embeddable":true,"href":"https:\/\/hexhorizon.com\/tr\/wp-json\/wp\/v2\/comments?post=13973"}],"wp:featuredmedia":[{"embeddable":true,"href":"https:\/\/hexhorizon.com\/tr\/wp-json\/wp\/v2\/media\/13176"}],"wp:attachment":[{"href":"https:\/\/hexhorizon.com\/tr\/wp-json\/wp\/v2\/media?parent=13973"}],"wp:term":[{"taxonomy":"product_brand","embeddable":true,"href":"https:\/\/hexhorizon.com\/tr\/wp-json\/wp\/v2\/product_brand?post=13973"},{"taxonomy":"product_cat","embeddable":true,"href":"https:\/\/hexhorizon.com\/tr\/wp-json\/wp\/v2\/product_cat?post=13973"},{"taxonomy":"product_tag","embeddable":true,"href":"https:\/\/hexhorizon.com\/tr\/wp-json\/wp\/v2\/product_tag?post=13973"}],"curies":[{"name":"wp","href":"https:\/\/api.w.org\/{rel}","templated":true}]}}