{"id":13965,"date":"2025-10-09T09:50:18","date_gmt":"2025-10-09T09:50:18","guid":{"rendered":"https:\/\/hexhorizon.com\/product\/ads-txt-yoneticisi\/"},"modified":"2025-10-09T09:50:18","modified_gmt":"2025-10-09T09:50:18","slug":"ads-txt-yoneticisi","status":"publish","type":"product","link":"https:\/\/hexhorizon.com\/tr\/urun\/ads-txt-yoneticisi\/","title":{"rendered":"Ads.txt Y\u00f6neticisi"},"content":{"rendered":"<p>Di\u011fer i\u00e7erik varl\u0131klar\u0131 gibi ads.txt ve app-ads.txt dosyalar\u0131n\u0131z\u0131 WordPress i\u00e7inden olu\u015fturun, y\u00f6netin ve do\u011frulay\u0131n. PHP 7.4+ gerektirir. <\/p>\n","protected":false},"excerpt":{"rendered":"<p>Di\u011fer i\u00e7erik varl\u0131klar\u0131 gibi ads.txt ve app-ads.txt dosyalar\u0131n\u0131z\u0131 WordPress i\u00e7inden olu\u015fturun, y\u00f6netin ve do\u011frulay\u0131n. PHP 7.4+ gerektirir.<\/p>\n","protected":false},"featured_media":13166,"comment_status":"open","ping_status":"closed","template":"","meta":[],"product_brand":[],"product_cat":[1413],"product_tag":[2163,2165,2164,2161,1958],"class_list":{"0":"post-13965","1":"product","2":"type-product","3":"status-publish","4":"has-post-thumbnail","6":"product_cat-eklentiler","7":"product_tag-ads-txt-tr","8":"product_tag-app-ads-txt-tr","9":"product_tag-reklam","10":"product_tag-reklam-muduru","11":"product_tag-reklamlar","13":"first","14":"instock","15":"downloadable","16":"virtual","17":"product-type-simple"},"_links":{"self":[{"href":"https:\/\/hexhorizon.com\/tr\/wp-json\/wp\/v2\/product\/13965","targetHints":{"allow":["GET"]}}],"collection":[{"href":"https:\/\/hexhorizon.com\/tr\/wp-json\/wp\/v2\/product"}],"about":[{"href":"https:\/\/hexhorizon.com\/tr\/wp-json\/wp\/v2\/types\/product"}],"replies":[{"embeddable":true,"href":"https:\/\/hexhorizon.com\/tr\/wp-json\/wp\/v2\/comments?post=13965"}],"wp:featuredmedia":[{"embeddable":true,"href":"https:\/\/hexhorizon.com\/tr\/wp-json\/wp\/v2\/media\/13166"}],"wp:attachment":[{"href":"https:\/\/hexhorizon.com\/tr\/wp-json\/wp\/v2\/media?parent=13965"}],"wp:term":[{"taxonomy":"product_brand","embeddable":true,"href":"https:\/\/hexhorizon.com\/tr\/wp-json\/wp\/v2\/product_brand?post=13965"},{"taxonomy":"product_cat","embeddable":true,"href":"https:\/\/hexhorizon.com\/tr\/wp-json\/wp\/v2\/product_cat?post=13965"},{"taxonomy":"product_tag","embeddable":true,"href":"https:\/\/hexhorizon.com\/tr\/wp-json\/wp\/v2\/product_tag?post=13965"}],"curies":[{"name":"wp","href":"https:\/\/api.w.org\/{rel}","templated":true}]}}