{"id":13936,"date":"2025-10-09T09:50:09","date_gmt":"2025-10-09T09:50:09","guid":{"rendered":"https:\/\/hexhorizon.com\/product\/microsoft-clarity\/"},"modified":"2025-10-09T09:50:09","modified_gmt":"2025-10-09T09:50:09","slug":"microsoft-clarity","status":"publish","type":"product","link":"https:\/\/hexhorizon.com\/tr\/urun\/microsoft-clarity\/","title":{"rendered":"Microsoft Clarity"},"content":{"rendered":"<p>Clarity, sitenizde nelerin i\u015fe yarad\u0131\u011f\u0131n\u0131 ve kullan\u0131c\u0131lar\u0131n nerede tak\u0131ld\u0131\u011f\u0131n\u0131 g\u00f6rmenize yard\u0131mc\u0131 olan \u00fccretsiz bir davran\u0131\u015fsal analiz arac\u0131d\u0131r. Oturum kay\u0131tlar\u0131 ve \u0131s\u0131 haritalar\u0131 gibi \u00f6zelliklerle, kullan\u0131c\u0131lar\u0131n\u0131z\u0131n sitenizle nas\u0131l etkile\u015fime girdi\u011fini daha iyi anlayacak ve gelirinizi art\u0131rmak ve kullan\u0131c\u0131 ba\u011fl\u0131l\u0131\u011f\u0131n\u0131 art\u0131rmak i\u00e7in tasar\u0131m\u0131n\u0131z\u0131 nas\u0131l geli\u015ftirece\u011finiz konusunda net bilgiler elde edeceksiniz. <\/p>\n","protected":false},"excerpt":{"rendered":"<p>Clarity, sitenizde nelerin i\u015fe yarad\u0131\u011f\u0131n\u0131 ve kullan\u0131c\u0131lar\u0131n nerede tak\u0131ld\u0131\u011f\u0131n\u0131 g\u00f6rmenize yard\u0131mc\u0131 olan \u00fccretsiz bir davran\u0131\u015fsal analiz arac\u0131d\u0131r. Oturum kay\u0131tlar\u0131 ve \u0131s\u0131 haritalar\u0131 gibi \u00f6zelliklerle, kullan\u0131c\u0131lar\u0131n\u0131z\u0131n sitenizle nas\u0131l etkile\u015fime girdi\u011fini daha iyi anlayacak ve gelirinizi art\u0131rmak ve kullan\u0131c\u0131 ba\u011fl\u0131l\u0131\u011f\u0131n\u0131 art\u0131rmak i\u00e7in tasar\u0131m\u0131n\u0131z\u0131 nas\u0131l geli\u015ftirece\u011finiz konusunda net bilgiler elde edeceksiniz.<\/p>\n","protected":false},"featured_media":13133,"comment_status":"open","ping_status":"closed","template":"","meta":[],"product_brand":[],"product_cat":[1413],"product_tag":[2097,2095],"class_list":{"0":"post-13936","1":"product","2":"type-product","3":"status-publish","4":"has-post-thumbnail","6":"product_cat-eklentiler","7":"product_tag-microsoft-tr","8":"product_tag-netlik","10":"first","11":"instock","12":"downloadable","13":"virtual","14":"product-type-simple"},"_links":{"self":[{"href":"https:\/\/hexhorizon.com\/tr\/wp-json\/wp\/v2\/product\/13936","targetHints":{"allow":["GET"]}}],"collection":[{"href":"https:\/\/hexhorizon.com\/tr\/wp-json\/wp\/v2\/product"}],"about":[{"href":"https:\/\/hexhorizon.com\/tr\/wp-json\/wp\/v2\/types\/product"}],"replies":[{"embeddable":true,"href":"https:\/\/hexhorizon.com\/tr\/wp-json\/wp\/v2\/comments?post=13936"}],"wp:featuredmedia":[{"embeddable":true,"href":"https:\/\/hexhorizon.com\/tr\/wp-json\/wp\/v2\/media\/13133"}],"wp:attachment":[{"href":"https:\/\/hexhorizon.com\/tr\/wp-json\/wp\/v2\/media?parent=13936"}],"wp:term":[{"taxonomy":"product_brand","embeddable":true,"href":"https:\/\/hexhorizon.com\/tr\/wp-json\/wp\/v2\/product_brand?post=13936"},{"taxonomy":"product_cat","embeddable":true,"href":"https:\/\/hexhorizon.com\/tr\/wp-json\/wp\/v2\/product_cat?post=13936"},{"taxonomy":"product_tag","embeddable":true,"href":"https:\/\/hexhorizon.com\/tr\/wp-json\/wp\/v2\/product_tag?post=13936"}],"curies":[{"name":"wp","href":"https:\/\/api.w.org\/{rel}","templated":true}]}}