{"id":13924,"date":"2025-10-09T09:50:07","date_gmt":"2025-10-09T09:50:07","guid":{"rendered":"https:\/\/hexhorizon.com\/product\/yith-woocommerce-karsilastirma\/"},"modified":"2025-10-09T09:50:07","modified_gmt":"2025-10-09T09:50:07","slug":"yith-woocommerce-karsilastirma","status":"publish","type":"product","link":"https:\/\/hexhorizon.com\/tr\/urun\/yith-woocommerce-karsilastirma\/","title":{"rendered":"YITH WooCommerce Kar\u015f\u0131la\u015ft\u0131rma"},"content":{"rendered":"<p>YITH WooCommerce Compare eklentisi, kullan\u0131c\u0131lar\u0131n\u0131z\u0131n ma\u011fazan\u0131zdaki baz\u0131 \u00fcr\u00fcnleri kar\u015f\u0131la\u015ft\u0131rmas\u0131na olanak tan\u0131yan bir WooCommerce eklentisi uzant\u0131s\u0131d\u0131r. T\u00fcm \u00fcr\u00fcnler, kullan\u0131c\u0131n\u0131n \u00fcr\u00fcnler aras\u0131ndaki fark\u0131 g\u00f6rebilece\u011fi eksiksiz bir tabloya kaydedilir. Her \u00fcr\u00fcn \u00f6zelli\u011fi, \u00fcr\u00fcn yap\u0131land\u0131rmas\u0131ndaki woocommerce nitelikleri ile ayarlanabilir. Ayr\u0131ca, kullan\u0131c\u0131lar\u0131n ekledi\u011fi \u00fcr\u00fcnlerin listesini i\u00e7eren ve bunlar\u0131 y\u00f6netebilece\u011finiz basit bir widget da ekleyebilirsiniz. Ayr\u0131ca, belirli bir \u015fablonu d\u00fczenleyerek kar\u015f\u0131la\u015ft\u0131rma tablosunu kendi tarz\u0131n\u0131za g\u00f6re \u00f6zelle\u015ftirebilirsiniz.    <\/p>\n","protected":false},"excerpt":{"rendered":"<p>YITH WooCommerce Compare eklentisi, kullan\u0131c\u0131lar\u0131n\u0131z\u0131n ma\u011fazan\u0131zdaki baz\u0131 \u00fcr\u00fcnleri kar\u015f\u0131la\u015ft\u0131rmas\u0131na olanak tan\u0131yan bir WooCommerce eklentisi uzant\u0131s\u0131d\u0131r. T\u00fcm \u00fcr\u00fcnler, kullan\u0131c\u0131n\u0131n \u00fcr\u00fcnler aras\u0131ndaki fark\u0131 g\u00f6rebilece\u011fi eksiksiz bir tabloya kaydedilir. Her \u00fcr\u00fcn \u00f6zelli\u011fi, \u00fcr\u00fcn yap\u0131land\u0131rmas\u0131ndaki woocommerce nitelikleri ile ayarlanabilir. Ayr\u0131ca, kullan\u0131c\u0131lar\u0131n ekledi\u011fi \u00fcr\u00fcnlerin listesini i\u00e7eren ve bunlar\u0131 y\u00f6netebilece\u011finiz basit bir widget da ekleyebilirsiniz. Ayr\u0131ca, belirli bir \u015fablonu d\u00fczenleyerek kar\u015f\u0131la\u015ft\u0131rma [&hellip;]<\/p>\n","protected":false},"featured_media":13124,"comment_status":"open","ping_status":"closed","template":"","meta":[],"product_brand":[],"product_cat":[1413],"product_tag":[2068,2070,2066,2072,2073],"class_list":{"0":"post-13924","1":"product","2":"type-product","3":"status-publish","4":"has-post-thumbnail","6":"product_cat-eklentiler","7":"product_tag-urun-karsilastirma","8":"product_tag-urun-karsilastirmasi","9":"product_tag-urunleri-karsilastirin","10":"product_tag-woocommerce-karsilastirma","11":"product_tag-yith-tr","13":"first","14":"instock","15":"downloadable","16":"virtual","17":"product-type-simple"},"_links":{"self":[{"href":"https:\/\/hexhorizon.com\/tr\/wp-json\/wp\/v2\/product\/13924","targetHints":{"allow":["GET"]}}],"collection":[{"href":"https:\/\/hexhorizon.com\/tr\/wp-json\/wp\/v2\/product"}],"about":[{"href":"https:\/\/hexhorizon.com\/tr\/wp-json\/wp\/v2\/types\/product"}],"replies":[{"embeddable":true,"href":"https:\/\/hexhorizon.com\/tr\/wp-json\/wp\/v2\/comments?post=13924"}],"wp:featuredmedia":[{"embeddable":true,"href":"https:\/\/hexhorizon.com\/tr\/wp-json\/wp\/v2\/media\/13124"}],"wp:attachment":[{"href":"https:\/\/hexhorizon.com\/tr\/wp-json\/wp\/v2\/media?parent=13924"}],"wp:term":[{"taxonomy":"product_brand","embeddable":true,"href":"https:\/\/hexhorizon.com\/tr\/wp-json\/wp\/v2\/product_brand?post=13924"},{"taxonomy":"product_cat","embeddable":true,"href":"https:\/\/hexhorizon.com\/tr\/wp-json\/wp\/v2\/product_cat?post=13924"},{"taxonomy":"product_tag","embeddable":true,"href":"https:\/\/hexhorizon.com\/tr\/wp-json\/wp\/v2\/product_tag?post=13924"}],"curies":[{"name":"wp","href":"https:\/\/api.w.org\/{rel}","templated":true}]}}