{"id":13827,"date":"2025-10-09T09:50:33","date_gmt":"2025-10-09T09:50:33","guid":{"rendered":"https:\/\/hexhorizon.com\/product\/indirme-yoneticisi\/"},"modified":"2025-10-09T09:50:33","modified_gmt":"2025-10-09T09:50:33","slug":"indirme-yoneticisi","status":"publish","type":"product","link":"https:\/\/hexhorizon.com\/tr\/urun\/indirme-yoneticisi\/","title":{"rendered":"\u0130ndirme Y\u00f6neticisi"},"content":{"rendered":"<p>WordPress Download Manager, WordPress Sitenizden dosya indirmelerini y\u00f6netmek, izlemek ve kontrol etmek i\u00e7in tasarlanm\u0131\u015f bir Dosya\/Belge Y\u00f6netimi Eklentisidir. Dosyalar\u0131n\u0131za eri\u015fimi kontrol etmek, indirme h\u0131zlar\u0131n\u0131 y\u00f6netmek ve kullan\u0131c\u0131 ba\u015f\u0131na indirme say\u0131s\u0131n\u0131 s\u0131n\u0131rlamak i\u00e7in parolalar ve kullan\u0131c\u0131 rolleri kullanabilirsiniz. Ayr\u0131ca botlar\u0131, istenmeyen kullan\u0131c\u0131lar\u0131 veya spam g\u00f6ndericileri engellemek i\u00e7in Captcha Lock veya IP Block gibi \u00f6zellikler de sunar. Hatta kullan\u0131c\u0131lar\u0131n indirmeden \u00f6nce h\u00fck\u00fcm ve ko\u015fullar\u0131n\u0131z\u0131 kabul etmelerini bile isteyebilirsiniz.   <\/p>\n","protected":false},"excerpt":{"rendered":"<p>WordPress Download Manager, WordPress Sitenizden dosya indirmelerini y\u00f6netmek, izlemek ve kontrol etmek i\u00e7in tasarlanm\u0131\u015f bir Dosya\/Belge Y\u00f6netimi Eklentisidir. Dosyalar\u0131n\u0131za eri\u015fimi kontrol etmek, indirme h\u0131zlar\u0131n\u0131 y\u00f6netmek ve kullan\u0131c\u0131 ba\u015f\u0131na indirme say\u0131s\u0131n\u0131 s\u0131n\u0131rlamak i\u00e7in parolalar ve kullan\u0131c\u0131 rolleri kullanabilirsiniz. Ayr\u0131ca botlar\u0131, istenmeyen kullan\u0131c\u0131lar\u0131 veya spam g\u00f6ndericileri engellemek i\u00e7in Captcha Lock veya IP Block gibi \u00f6zellikler de sunar. [&hellip;]<\/p>\n","protected":false},"featured_media":13248,"comment_status":"open","ping_status":"closed","template":"","meta":[],"product_brand":[],"product_cat":[1413],"product_tag":[1810,1510,1506,1504,1511],"class_list":{"0":"post-13827","1":"product","2":"type-product","3":"status-publish","4":"has-post-thumbnail","6":"product_cat-eklentiler","7":"product_tag-belge-yonetimi","8":"product_tag-dijital-magaza","9":"product_tag-dosya-yoneticisi","10":"product_tag-e-ticaret","11":"product_tag-indirme-yoneticisi","13":"first","14":"instock","15":"downloadable","16":"virtual","17":"product-type-simple"},"_links":{"self":[{"href":"https:\/\/hexhorizon.com\/tr\/wp-json\/wp\/v2\/product\/13827","targetHints":{"allow":["GET"]}}],"collection":[{"href":"https:\/\/hexhorizon.com\/tr\/wp-json\/wp\/v2\/product"}],"about":[{"href":"https:\/\/hexhorizon.com\/tr\/wp-json\/wp\/v2\/types\/product"}],"replies":[{"embeddable":true,"href":"https:\/\/hexhorizon.com\/tr\/wp-json\/wp\/v2\/comments?post=13827"}],"wp:featuredmedia":[{"embeddable":true,"href":"https:\/\/hexhorizon.com\/tr\/wp-json\/wp\/v2\/media\/13248"}],"wp:attachment":[{"href":"https:\/\/hexhorizon.com\/tr\/wp-json\/wp\/v2\/media?parent=13827"}],"wp:term":[{"taxonomy":"product_brand","embeddable":true,"href":"https:\/\/hexhorizon.com\/tr\/wp-json\/wp\/v2\/product_brand?post=13827"},{"taxonomy":"product_cat","embeddable":true,"href":"https:\/\/hexhorizon.com\/tr\/wp-json\/wp\/v2\/product_cat?post=13827"},{"taxonomy":"product_tag","embeddable":true,"href":"https:\/\/hexhorizon.com\/tr\/wp-json\/wp\/v2\/product_tag?post=13827"}],"curies":[{"name":"wp","href":"https:\/\/api.w.org\/{rel}","templated":true}]}}