{"id":15021,"date":"2026-02-25T11:27:35","date_gmt":"2026-02-25T11:27:35","guid":{"rendered":"https:\/\/hexhorizon.com\/dijital-teslimat\/"},"modified":"2026-02-26T13:06:26","modified_gmt":"2026-02-26T13:06:26","slug":"dijital-teslimat","status":"publish","type":"page","link":"https:\/\/hexhorizon.com\/tr\/dijital-teslimat\/","title":{"rendered":"Dijital Teslimat"},"content":{"rendered":"\t\t<div data-elementor-type=\"wp-page\" data-elementor-id=\"15021\" class=\"elementor elementor-15021 elementor-15015\" data-elementor-post-type=\"page\">\n\t\t\t\t<div class=\"elementor-element elementor-element-4f8e3bb e-flex e-con-boxed e-con e-parent\" data-id=\"4f8e3bb\" data-element_type=\"container\" data-e-type=\"container\">\n\t\t\t\t\t<div class=\"e-con-inner\">\n\t\t<div class=\"elementor-element elementor-element-d3e3ce7 e-con-full e-flex e-con e-child\" data-id=\"d3e3ce7\" data-element_type=\"container\" data-e-type=\"container\">\n\t\t\t\t<div class=\"elementor-element elementor-element-69b034c elementor-widget elementor-widget-heading\" data-id=\"69b034c\" data-element_type=\"widget\" data-e-type=\"widget\" data-widget_type=\"heading.default\">\n\t\t\t\t<div class=\"elementor-widget-container\">\n\t\t\t\t\t<h2 class=\"elementor-heading-title elementor-size-default\">Dijital \u00dcr\u00fcn Teslimat Politikas\u0131<\/h2>\t\t\t\t<\/div>\n\t\t\t\t<\/div>\n\t\t\t\t<\/div>\n\t\t<div class=\"elementor-element elementor-element-c45bf9d e-con-full e-flex e-con e-child\" data-id=\"c45bf9d\" data-element_type=\"container\" data-e-type=\"container\">\n\t\t\t\t<div class=\"elementor-element elementor-element-282e205 elementor-widget elementor-widget-heading\" data-id=\"282e205\" data-element_type=\"widget\" data-e-type=\"widget\" data-widget_type=\"heading.default\">\n\t\t\t\t<div class=\"elementor-widget-container\">\n\t\t\t\t\t<h4 class=\"elementor-heading-title elementor-size-default\">S\u00fcr\u00fcm: 1.0 | Son g\u00fcncelleme: 13 Ekim 2025<\/h4>\t\t\t\t<\/div>\n\t\t\t\t<\/div>\n\t\t\t\t<\/div>\n\t\t\t\t\t<\/div>\n\t\t\t\t<\/div>\n\t\t<div class=\"elementor-element elementor-element-46ca457 page-terms e-flex e-con-boxed e-con e-parent\" data-id=\"46ca457\" data-element_type=\"container\" data-e-type=\"container\">\n\t\t\t\t\t<div class=\"e-con-inner\">\n\t\t\t\t<div class=\"elementor-element elementor-element-d3f0768 elementor-widget elementor-widget-text-editor\" data-id=\"d3f0768\" data-element_type=\"widget\" data-e-type=\"widget\" data-widget_type=\"text-editor.default\">\n\t\t\t\t<div class=\"elementor-widget-container\">\n\t\t\t\t\t\t\t\t\t<p>Bu web sitesinde bulunan t\u00fcm \u00fcr\u00fcnler yaln\u0131zca dijital formatta sunulmaktad\u0131r.<\/p><p>Fiziksel \u00fcr\u00fcn g\u00f6nderimi veya teslimat\u0131 yapm\u0131yoruz.<\/p><p>\u00d6demeniz ba\u015far\u0131yla i\u015flendikten sonra, sat\u0131n ald\u0131\u011f\u0131n\u0131z dijital i\u00e7eri\u011fe a\u015fa\u011f\u0131daki y\u00f6ntemlerden biriyle an\u0131nda eri\u015fim sa\u011flan\u0131r:<\/p>\t\t\t\t\t\t\t\t<\/div>\n\t\t\t\t<\/div>\n\t\t\t\t<div class=\"elementor-element elementor-element-eb411cb elementor-icon-list--layout-traditional elementor-list-item-link-full_width elementor-widget elementor-widget-icon-list\" data-id=\"eb411cb\" data-element_type=\"widget\" data-e-type=\"widget\" data-widget_type=\"icon-list.default\">\n\t\t\t\t<div class=\"elementor-widget-container\">\n\t\t\t\t\t\t\t<ul class=\"elementor-icon-list-items\">\n\t\t\t\t\t\t\t<li class=\"elementor-icon-list-item\">\n\t\t\t\t\t\t\t\t\t\t\t<span class=\"elementor-icon-list-icon\">\n\t\t\t\t\t\t\t<svg aria-hidden=\"true\" class=\"e-font-icon-svg e-fas-check\" viewBox=\"0 0 512 512\" xmlns=\"http:\/\/www.w3.org\/2000\/svg\"><path d=\"M173.898 439.404l-166.4-166.4c-9.997-9.997-9.997-26.206 0-36.204l36.203-36.204c9.997-9.998 26.207-9.998 36.204 0L192 312.69 432.095 72.596c9.997-9.997 26.207-9.997 36.204 0l36.203 36.204c9.997 9.997 9.997 26.206 0 36.204l-294.4 294.401c-9.998 9.997-26.207 9.997-36.204-.001z\"><\/path><\/svg>\t\t\t\t\t\t<\/span>\n\t\t\t\t\t\t\t\t\t\t<span class=\"elementor-icon-list-text\">E-posta adresinize bir indirme ba\u011flant\u0131s\u0131 g\u00f6nderilecektir.<\/span>\n\t\t\t\t\t\t\t\t\t<\/li>\n\t\t\t\t\t\t\t\t<li class=\"elementor-icon-list-item\">\n\t\t\t\t\t\t\t\t\t\t\t<span class=\"elementor-icon-list-icon\">\n\t\t\t\t\t\t\t<svg aria-hidden=\"true\" class=\"e-font-icon-svg e-fas-check\" viewBox=\"0 0 512 512\" xmlns=\"http:\/\/www.w3.org\/2000\/svg\"><path d=\"M173.898 439.404l-166.4-166.4c-9.997-9.997-9.997-26.206 0-36.204l36.203-36.204c9.997-9.998 26.207-9.998 36.204 0L192 312.69 432.095 72.596c9.997-9.997 26.207-9.997 36.204 0l36.203 36.204c9.997 9.997 9.997 26.206 0 36.204l-294.4 294.401c-9.998 9.997-26.207 9.997-36.204-.001z\"><\/path><\/svg>\t\t\t\t\t\t<\/span>\n\t\t\t\t\t\t\t\t\t\t<span class=\"elementor-icon-list-text\">Web sitemizdeki ki\u015fisel hesab\u0131n\u0131z \u00fczerinden do\u011frudan eri\u015fim<\/span>\n\t\t\t\t\t\t\t\t\t<\/li>\n\t\t\t\t\t\t<\/ul>\n\t\t\t\t\t\t<\/div>\n\t\t\t\t<\/div>\n\t\t\t\t<div class=\"elementor-element elementor-element-6522729 elementor-widget elementor-widget-text-editor\" data-id=\"6522729\" data-element_type=\"widget\" data-e-type=\"widget\" data-widget_type=\"text-editor.default\">\n\t\t\t\t<div class=\"elementor-widget-container\">\n\t\t\t\t\t\t\t\t\t<p>\u00d6deme onay\u0131ndan sonra 24 saat i\u00e7inde eri\u015fim sa\u011flanmazsa, l\u00fctfen yard\u0131m i\u00e7in info@hexhorizon.com adresinden destek ekibimizle ileti\u015fime ge\u00e7in.<\/p>\t\t\t\t\t\t\t\t<\/div>\n\t\t\t\t<\/div>\n\t\t\t\t\t<\/div>\n\t\t\t\t<\/div>\n\t\t\t\t<\/div>\n\t\t","protected":false},"excerpt":{"rendered":"<p>Dijital \u00dcr\u00fcn Teslimat Politikas\u0131 S\u00fcr\u00fcm: 1.0 | Son g\u00fcncelleme: 13 Ekim 2025 Bu web sitesinde bulunan t\u00fcm \u00fcr\u00fcnler yaln\u0131zca dijital formatta sunulmaktad\u0131r. Fiziksel \u00fcr\u00fcn g\u00f6nderimi veya teslimat\u0131 yapm\u0131yoruz. \u00d6demeniz ba\u015far\u0131yla i\u015flendikten sonra, sat\u0131n ald\u0131\u011f\u0131n\u0131z dijital i\u00e7eri\u011fe a\u015fa\u011f\u0131daki y\u00f6ntemlerden biriyle an\u0131nda eri\u015fim sa\u011flan\u0131r: E-posta adresinize bir indirme ba\u011flant\u0131s\u0131 g\u00f6nderilecektir. Web sitemizdeki ki\u015fisel hesab\u0131n\u0131z \u00fczerinden do\u011frudan eri\u015fim [&hellip;]<\/p>\n","protected":false},"author":1,"featured_media":0,"parent":0,"menu_order":0,"comment_status":"closed","ping_status":"closed","template":"elementor_header_footer","meta":{"footnotes":""},"class_list":["post-15021","page","type-page","status-publish","hentry"],"_links":{"self":[{"href":"https:\/\/hexhorizon.com\/tr\/wp-json\/wp\/v2\/pages\/15021","targetHints":{"allow":["GET"]}}],"collection":[{"href":"https:\/\/hexhorizon.com\/tr\/wp-json\/wp\/v2\/pages"}],"about":[{"href":"https:\/\/hexhorizon.com\/tr\/wp-json\/wp\/v2\/types\/page"}],"author":[{"embeddable":true,"href":"https:\/\/hexhorizon.com\/tr\/wp-json\/wp\/v2\/users\/1"}],"replies":[{"embeddable":true,"href":"https:\/\/hexhorizon.com\/tr\/wp-json\/wp\/v2\/comments?post=15021"}],"version-history":[{"count":4,"href":"https:\/\/hexhorizon.com\/tr\/wp-json\/wp\/v2\/pages\/15021\/revisions"}],"predecessor-version":[{"id":15050,"href":"https:\/\/hexhorizon.com\/tr\/wp-json\/wp\/v2\/pages\/15021\/revisions\/15050"}],"wp:attachment":[{"href":"https:\/\/hexhorizon.com\/tr\/wp-json\/wp\/v2\/media?parent=15021"}],"curies":[{"name":"wp","href":"https:\/\/api.w.org\/{rel}","templated":true}]}}